{"id":125,"date":"2009-12-19T11:56:04","date_gmt":"2009-12-19T10:56:04","guid":{"rendered":"http:\/\/www.bugari-u-hrvatskoj.com\/wordpress\/?page_id=125"},"modified":"2021-03-02T15:33:50","modified_gmt":"2021-03-02T14:33:50","slug":"bugari-u-hrvatskoj","status":"publish","type":"page","link":"https:\/\/www.bugari-u-hrvatskoj.com\/hr\/bugari-u-hrvatskoj\/","title":{"rendered":"Bugari u Hrvatskoj"},"content":{"rendered":"<p><strong><img loading=\"lazy\" width=\"300\" height=\"243\" class=\"alignleft size-medium wp-image-114\" style=\"margin: 10px 15px;\" title=\"folklor_3\" src=\"https:\/\/www.bugari-u-hrvatskoj.com\/hr\/wp-content\/uploads\/2009\/12\/folklor_3-300x243.jpg\" alt=\"\" srcset=\"https:\/\/www.bugari-u-hrvatskoj.com\/hr\/wp-content\/uploads\/2009\/12\/folklor_3-300x243.jpg 300w, https:\/\/www.bugari-u-hrvatskoj.com\/hr\/wp-content\/uploads\/2009\/12\/folklor_3.jpg 430w\" sizes=\"(max-width: 300px) 100vw, 300px\" \/>Kako se i kada formirala bugarska manjina u Hrvatskoj\u00a0 <\/strong><\/p>\n<p>Dolazak Bugara na podru\u010dje Hrvatske zbio se u nekoliko razli\u010ditih vremenskih razdoblja. Prvi su Bugari do\u0161li u drugoj polovici XIX st. i to u Zagreb. Bili su to mladi ljudi, studenti koji su dobili stipendije zaslugom biskupa J. J. Strossmayera, a kasnije i Franje Ra\u010dkog. Taj se trend nastavlja i poslije oslobo\u0111enja Bugarske od turskog ropstva 1878-1879., \u0161tovi\u0161e, bugarskih studenata je tada daleko vi\u0161e. Po zavr\u0161etku studija na Zagreba\u010dkom sveu\u010dili\u0161tu ve\u0107i dio njih se vra\u0107a u Bugarsku, gdje postaju graditelji nove bugarske dr\u017eave, me\u0111utim jedan dio trajno ostaje u Hrvatskoj i tu osniva svoje obitelji.<\/p>\n<p>Drugi puta u ve\u0107em broju Bugari dolaze u Zagreb po\u010detkom XX st. Ovoga puta to su ljudi koji su do\u0161li ovamo trbuhom za kruhom, kako se ka\u017ee, poljoprivrednici, ljudi sa sela koji su se bavili isklju\u010divo poljoprivredom, a slamnati krovovi njihovih ku\u0107a mogli su se vidjeti na rubovima Maksimirske \u0161ume.<\/p>\n<p>Po zavr\u0161etku Prvoga svjetskog rada, u Zagreb dolaze i bugarski vrtlari kao jedna ve\u0107a skupina koja aktivno sudjeluje u \u017eivotu Zagreba, a i \u0161ire. S njihovim je dolaskom i ponuda povr\u0107a na zagreba\u010dkoj tr\u017enici postala raznovrsnija i bogatija, jer su bugarski vrtlari sa sobom donijeli i ovdje po\u010deli uzgajati pojedine vrsta povr\u0107a koje prije nisu poznavali ovda\u0161nji ljudi. Njihov marljiv i samozatajan rad, njihovo po\u0161tenje ostavljaju duboki trag u svijesti Zagrep\u010dana, pa se dugo vremena za svakog tko se bavio vrtlarstvom reklo da je \u201cbugar\u201d, bez obzira \u0161to on s Bugarima nije imao nikakvih veza. Tim su \u010dinom Zagrep\u010dani odali svojevrsno priznanje bugarskim vrtlarima za njihov marljiv rad i za njihov doprinos kvaliteti \u017eivljenja u Zagrebu.<\/p>\n<p>Drugi val doseljavanja dogodio se u godinama uo\u010di Drugog svjetskog rata, kada su Hrvatska i Bugarska saveznice i kada su njihove me\u0111udr\u017eavne veze na najvi\u0161oj mogu\u0107oj razini. Kad su studirali izvan domovine Bugarske bilo je tradicijom da se tada studira u Zagrebu, Pragu, Parizu, Berlinu i Z\u00fcrichu. Tako je po\u010detkom 40-tih godina u Zagreb do\u0161ao veliki broj bugarskih studenata. Prema neslu\u017ebenim podatcima njih oko pet stotina. Uglavnom studiraju na pravnom, medicinskom, gra\u0111evinskom i strojarskom fakultetu. Kao primjer \u2013 u \u0161k. god. 1942\/43. na Medicinskom fakultetu u Zagrebu bilo je upisano vi\u0161e Bugara negoli Hrvata, me\u0111utim ne smijemo zaboraviti da je bio rat te da je u Hrvatskoj bila uvedena i radna obveza pa je i Hrvata koji su mogli studirati tada bilo puno manje nego \u0161to bi to bilo u mirnodopskim vremenima.<\/p>\n<p>Po zavr\u0161etku studija nemali broj Bugara ostaje u Zagrebu odnosno u Hrvatskoj zasnovav\u0161i tu svoje obitelji. U to isto vrijeme, dakle krajem 30-tih i po\u010detkom 40-tih godina u Zagreb osim studenata dolazi i pove\u0107i broj glazbenika i pjeva\u010da koji aktivno sudjeluju u kulturnom \u017eivotu Zagreba i Hrvatske. Spomenut \u0107emo samo neke od njih \u2013 Petar Raj\u010dev, Stojan Kolarov, Marijana Radev, Jana Puleva-Papandopulo, Filka Pletikosi\u0107 i drugi. Studenti i glazbenici nastavljaju dolaziti ovamo sve do 1968.g., odnosno do poznatih doga\u0111aja u \u010cehoslova\u010dkoj, poslije kojih bugarska vlada maksimalno ograni\u010dava putovanja u onda\u0161nju Jugoslaviju.<\/p>\n<p>Ina\u010de, pretpostavlja se da je nemali broj Bugara do\u0161ao u Hrvatsku, sve do jadranskih obala, bje\u017ee\u0107i od Turaka. Oni su davno asimilirani, a saznanje o njima postoji jo\u0161 samo u crkvenim knjigama te u o\u010duvanju imena \u0161to zavr\u0161avaju na \u201cov\u201d.<\/p>\n<p>Prema popisu stanovni\u0161tva 2001.g.u Hrvatskoj je bilo 331 Bugar, od toga broja njih 174 \u017eivi u Zagrebu. Vjerojatno je taj broj i ve\u0107i, no potvrdu toga moramo sa\u010dekati u sljede\u0107em popisu stanovni\u0161tva. Iz dosad spomenutoga vidljivo je da najve\u0107i broj Bugara \u017eivi u Zagrebu, a preostali su razasuti diljem cijele Hrvatske : Pakrac, Sl Brod, \u0110akovo, Vukovar, Osijek, Rijeka, Pula, Split, Imotski, Dubrovnik itd.<\/p>\n<p>U Hrvatskoj je 1998. g. osnovana Nacionalna zajednica Bugara u republici Hrvatskoj sa sjedi\u0161tem u Zagrebu . Ova se zajednica, koja je vjerojatno jedna od najmanjih u Zagrebu, okuplja u svojim prostorima u ulici Kneza Mislava 13, koje joj je dodijelilo Gradsko poglavarstvo Grada Zagreba. U tim prostorima se odvijaju sve aktivnosti vezane za o\u010duvanje opstojnosti bugarske manjine, njezinog jezika, kulture i obi\u010daja.<\/p>\n<p><strong>Ra\u0161ko Ivanov<\/strong><\/p>\n","protected":false},"excerpt":{"rendered":"<p>Kako se i kada formirala bugarska manjina u Hrvatskoj\u00a0 Dolazak Bugara na podru\u010dje Hrvatske zbio se u nekoliko razli\u010ditih vremenskih razdoblja. Prvi su Bugari do\u0161li u drugoj polovici XIX st. i to u Zagreb. Bili su to mladi ljudi, studenti koji su dobili stipendije zaslugom biskupa J. J. Strossmayera, a kasnije i Franje Ra\u010dkog. Taj &#8230; <a class=\"more-link\" href=\"https:\/\/www.bugari-u-hrvatskoj.com\/hr\/bugari-u-hrvatskoj\/\">Nastavi<span class=\"screen-reader-text\">Bugari u Hrvatskoj<\/span><span class=\"meta-nav\">\u2192<\/span><\/a><\/p>\n","protected":false},"author":1,"featured_media":0,"parent":0,"menu_order":3,"comment_status":"closed","ping_status":"closed","template":"","meta":{"ngg_post_thumbnail":0},"_links":{"self":[{"href":"https:\/\/www.bugari-u-hrvatskoj.com\/hr\/wp-json\/wp\/v2\/pages\/125"}],"collection":[{"href":"https:\/\/www.bugari-u-hrvatskoj.com\/hr\/wp-json\/wp\/v2\/pages"}],"about":[{"href":"https:\/\/www.bugari-u-hrvatskoj.com\/hr\/wp-json\/wp\/v2\/types\/page"}],"author":[{"embeddable":true,"href":"https:\/\/www.bugari-u-hrvatskoj.com\/hr\/wp-json\/wp\/v2\/users\/1"}],"replies":[{"embeddable":true,"href":"https:\/\/www.bugari-u-hrvatskoj.com\/hr\/wp-json\/wp\/v2\/comments?post=125"}],"version-history":[{"count":15,"href":"https:\/\/www.bugari-u-hrvatskoj.com\/hr\/wp-json\/wp\/v2\/pages\/125\/revisions"}],"predecessor-version":[{"id":2844,"href":"https:\/\/www.bugari-u-hrvatskoj.com\/hr\/wp-json\/wp\/v2\/pages\/125\/revisions\/2844"}],"wp:attachment":[{"href":"https:\/\/www.bugari-u-hrvatskoj.com\/hr\/wp-json\/wp\/v2\/media?parent=125"}],"curies":[{"name":"wp","href":"https:\/\/api.w.org\/{rel}","templated":true}]}}