{"id":2,"date":"2009-12-19T14:12:25","date_gmt":"2009-12-19T14:12:25","guid":{"rendered":"http:\/\/www.bugari-u-hrvatskoj.com\/wordpress\/?page_id=2"},"modified":"2014-05-16T11:27:43","modified_gmt":"2014-05-16T09:27:43","slug":"about","status":"publish","type":"page","link":"https:\/\/www.bugari-u-hrvatskoj.com\/hr\/about\/","title":{"rendered":"Stranica Bugarske nacionalne manjine u Hrvatskoj"},"content":{"rendered":"<figure id=\"attachment_40\" aria-describedby=\"caption-attachment-40\" style=\"width: 130px\" class=\"wp-caption alignleft\"><a href=\"https:\/\/www.bugari-u-hrvatskoj.com\/hr\/wp-content\/uploads\/2009\/12\/rasko_ivanov.jpg\"><img loading=\"lazy\" class=\"padding: 10px; wp-image-40 size-full\" src=\"https:\/\/www.bugari-u-hrvatskoj.com\/hr\/wp-content\/uploads\/2009\/12\/rasko_ivanov.jpg\" alt=\"Ra\u0161ko Ivanov, predstavnik bugarske nacionalne manjine Grada Zagreba\" width=\"130\" height=\"97\" \/><\/a><figcaption id=\"caption-attachment-40\" class=\"wp-caption-text\">Ra\u0161ko Ivanov<\/figcaption><\/figure>\n<p>Dobrodo\u0161li na internet stranice koje ure\u0111uje <strong>Predstavnik bugarske nacionalne manjine Grada Zagreba<\/strong>. Stranica je napravljena pod financijskim pokroviteljstvom Grada Zagreba.<\/p>\n<p>Ovo je nova mogu\u0107nost za me\u0111usobni kontakt Bugara koji \u017eive u Republici Hrvatskoj s onima u domovini te onima u svijetu. Osim toga, to je prilika da se Bugari i na ovaj na\u010din pribli\u017ee i svojim hrvatskim prijateljima, da ih upoznaju sa svojim \u017eivotom i radom, sa svojom povije\u0161\u0107u i kulturom.<\/p>\n<p>Nadamo se da \u0107emo ovu plemenitu i vrijednu nakanu uspje\u0161no obaviti, a to ovisi o nama svima, kako o bugarskoj zajednici koja \u0107e koristiti stranicu za susretanja i komuniciranje, tako i o svima vama koji \u0107ete posje\u0107ivati ovu stranicu.<\/p>\n<p>Nastojat \u0107emo da \u0161to vi\u0161e saznate o Bugarima u Hrvatskoj, ali i o samoj Bugarskoj i bugarskom narodu, o njihovoj povijesti, jeziku, kulturi, obi\u010dajima. Upoznat \u0107emo vas s ljepotama Bugarske, s mogu\u0107im turisti\u010dkim destinacijama, s bugarskom kuhinjom, s bugarskim vinima, \u2026<\/p>\n<p>Srda\u010dno va\u0161<\/p>\n<p><strong>Ra\u0161ko Ivanov <\/strong><\/p>\n<p>Predstavnik bugarske nacionalne manjine Grada Zagreba<\/p>\n","protected":false},"excerpt":{"rendered":"<p>Dobrodo\u0161li na internet stranice koje ure\u0111uje Predstavnik bugarske nacionalne manjine Grada Zagreba. Stranica je napravljena pod financijskim pokroviteljstvom Grada Zagreba. Ovo je nova mogu\u0107nost za me\u0111usobni kontakt Bugara koji \u017eive u Republici Hrvatskoj s onima u domovini te onima u svijetu. Osim toga, to je prilika da se Bugari i na ovaj na\u010din pribli\u017ee i &#8230; <a class=\"more-link\" href=\"https:\/\/www.bugari-u-hrvatskoj.com\/hr\/about\/\">Nastavi<span class=\"screen-reader-text\">Stranica Bugarske nacionalne manjine u Hrvatskoj<\/span><span class=\"meta-nav\">\u2192<\/span><\/a><\/p>\n","protected":false},"author":1,"featured_media":0,"parent":0,"menu_order":2,"comment_status":"closed","ping_status":"closed","template":"","meta":{"ngg_post_thumbnail":0},"_links":{"self":[{"href":"https:\/\/www.bugari-u-hrvatskoj.com\/hr\/wp-json\/wp\/v2\/pages\/2"}],"collection":[{"href":"https:\/\/www.bugari-u-hrvatskoj.com\/hr\/wp-json\/wp\/v2\/pages"}],"about":[{"href":"https:\/\/www.bugari-u-hrvatskoj.com\/hr\/wp-json\/wp\/v2\/types\/page"}],"author":[{"embeddable":true,"href":"https:\/\/www.bugari-u-hrvatskoj.com\/hr\/wp-json\/wp\/v2\/users\/1"}],"replies":[{"embeddable":true,"href":"https:\/\/www.bugari-u-hrvatskoj.com\/hr\/wp-json\/wp\/v2\/comments?post=2"}],"version-history":[{"count":20,"href":"https:\/\/www.bugari-u-hrvatskoj.com\/hr\/wp-json\/wp\/v2\/pages\/2\/revisions"}],"predecessor-version":[{"id":1905,"href":"https:\/\/www.bugari-u-hrvatskoj.com\/hr\/wp-json\/wp\/v2\/pages\/2\/revisions\/1905"}],"wp:attachment":[{"href":"https:\/\/www.bugari-u-hrvatskoj.com\/hr\/wp-json\/wp\/v2\/media?parent=2"}],"curies":[{"name":"wp","href":"https:\/\/api.w.org\/{rel}","templated":true}]}}